{"id":97,"date":"2018-01-28T12:10:32","date_gmt":"2018-01-28T11:10:32","guid":{"rendered":"http:\/\/cave-athis.fr\/?page_id=97"},"modified":"2024-12-10T10:47:33","modified_gmt":"2024-12-10T09:47:33","slug":"accueil","status":"publish","type":"page","link":"https:\/\/cave-athis.fr\/","title":{"rendered":"Accueil"},"content":{"rendered":"\t\t<div data-elementor-type=\"wp-page\" data-elementor-id=\"97\" class=\"elementor elementor-97\">\n\t\t\t\t\t\t<section class=\"elementor-section elementor-top-section elementor-element elementor-element-1b6f4f02 elementor-section-boxed elementor-section-height-default elementor-section-height-default\" data-id=\"1b6f4f02\" data-element_type=\"section\">\n\t\t\t\t\t\t<div class=\"elementor-container elementor-column-gap-default\">\n\t\t\t\t\t<div class=\"elementor-column elementor-col-100 elementor-top-column elementor-element elementor-element-3555393a\" data-id=\"3555393a\" data-element_type=\"column\">\n\t\t\t<div class=\"elementor-widget-wrap elementor-element-populated\">\n\t\t\t\t\t\t<div class=\"elementor-element elementor-element-6a66affa elementor-widget elementor-widget-text-editor\" data-id=\"6a66affa\" data-element_type=\"widget\" data-widget_type=\"text-editor.default\">\n\t\t\t\t<div class=\"elementor-widget-container\">\n\t\t\t<style>\/*! elementor - v3.20.0 - 13-03-2024 *\/\n.elementor-widget-text-editor.elementor-drop-cap-view-stacked .elementor-drop-cap{background-color:#69727d;color:#fff}.elementor-widget-text-editor.elementor-drop-cap-view-framed .elementor-drop-cap{color:#69727d;border:3px solid;background-color:transparent}.elementor-widget-text-editor:not(.elementor-drop-cap-view-default) .elementor-drop-cap{margin-top:8px}.elementor-widget-text-editor:not(.elementor-drop-cap-view-default) .elementor-drop-cap-letter{width:1em;height:1em}.elementor-widget-text-editor .elementor-drop-cap{float:left;text-align:center;line-height:1;font-size:50px}.elementor-widget-text-editor .elementor-drop-cap-letter{display:inline-block}<\/style>\t\t\t\t<div  class=\"mp-row-fluid motopress-row\"><\/p>\n<p><div class=\"mp-span12 motopress-clmn\"><\/p>\n<p><div  class=\"mp-row-fluid motopress-row\"><\/p>\n<p><div class=\"mp-span12 motopress-clmn\"><\/p>\n<p><div class=\"motopress-text-obj\"><\/p>\n<p><span style=\"color: #000000; font-family: 'Times New Roman'; font-size: 18px;\">Cr\u00e9\u00e9e au printemps 1992, l&#8217;Association C.A.V.E. a pour but de regrouper celles et ceux qui souhaitent apprendre, avec toute la convivialit\u00e9 n\u00e9cessaire, \u00e0 mieux connaitre le vin.<\/span><\/p>\n<p><span style=\"color: #000000; font-family: 'Times New Roman'; font-size: 18px;\">Pour ce faire, nous proposons divers types d&#8217;activit\u00e9s :<\/span><\/p>\n<p><\/div><\/p>\n<p><\/div><\/p>\n<p><\/div><\/p>\n<p><div  class=\"mp-row-fluid motopress-row\"><\/p>\n<p><div class=\"mp-span12 motopress-clmn motopress-space\" style=\"min-height: 20px;\"><\/p>\n<p><div class=\"motopress-space-obj\"><div><\/div><\/div><\/p>\n<p><\/div><\/p>\n<p><\/div><\/p>\n<p><div  class=\"mp-row-fluid motopress-row\"><\/p>\n<p><div class=\"mp-span12 motopress-clmn\"><\/p>\n<p><div class=\"motopress-accordion-obj motopress-accordion motopress-accordion-light\" id=\"69fb1265b5fd3\"><\/p>\n<p><div class=\"motopress-accordion-item\"><h3>S\u00e9ances de formation \u00e0 l&#8217;\u0153nologie (science du vin) avec le concours de sp\u00e9cialistes reconnus au rythme d&#8217;une conf\u00e9rence-d\u00e9gustation mensuelle<\/h3><div><\/div><\/div><\/p>\n<p><p class=\"motopress-hide-script\"><script type=\"text\/javascript\">\n                jQuery(document).ready(function($) {\n                    var mpAccordion = $(\".motopress-accordion-obj#69fb1265b5fd3\");\n                    if (mpAccordion.data(\"uiAccordion\")) {\n                        mpAccordion.accordion(\"destroy\");\n                    }\n                    mpAccordion.accordion({\n                        active: 0,\n                        collapsible: true,\n                        header: \"> div > h3\",\n                        heightStyle: \"content\"\n                    });\n                });\n                <\/script><\/p><\/div><\/p>\n<p><\/div><\/p>\n<p><\/div><\/p>\n<p><div  class=\"mp-row-fluid motopress-row\"><\/p>\n<p><div class=\"mp-span12 motopress-clmn\"><\/p>\n<p><div class=\"motopress-accordion-obj motopress-accordion motopress-accordion-light\" id=\"69fb1265b606d\"><\/p>\n<p><div class=\"motopress-accordion-item\"><h3>Visites de lieux de production : Nous en avons d\u00e9j\u00e0 visit\u00e9 de nombreux : l&#8217;Anjou, Pouilly-sur-Loire et Sancerre, la Bourgogne, l&#8217;Alsace, la Champagne, l&#8217;H\u00e9rault&#8230;<\/h3><div><\/div><\/div><\/p>\n<p><p class=\"motopress-hide-script\"><script type=\"text\/javascript\">\n                jQuery(document).ready(function($) {\n                    var mpAccordion = $(\".motopress-accordion-obj#69fb1265b606d\");\n                    if (mpAccordion.data(\"uiAccordion\")) {\n                        mpAccordion.accordion(\"destroy\");\n                    }\n                    mpAccordion.accordion({\n                        active: 0,\n                        collapsible: true,\n                        header: \"> div > h3\",\n                        heightStyle: \"content\"\n                    });\n                });\n                <\/script><\/p><\/div><\/p>\n<p><\/div><\/p>\n<p><\/div><\/p>\n<p><div  class=\"mp-row-fluid motopress-row\"><\/p>\n<p><div class=\"mp-span12 motopress-clmn\"><\/p>\n<p><div class=\"motopress-accordion-obj motopress-accordion motopress-accordion-light\" id=\"69fb1265b60e8\"><\/p>\n<p><div class=\"motopress-accordion-item\"><h3>Recherches et publication de documents, sur l&#8217;ancien vignoble ath\u00e9gien, &#8216;le meilleur vignoble de Seine et Oise&#8217; selon un expert du XIX\u00e8me si\u00e8cle&#8230;<\/h3><div><\/div><\/div><\/p>\n<p><p class=\"motopress-hide-script\"><script type=\"text\/javascript\">\n                jQuery(document).ready(function($) {\n                    var mpAccordion = $(\".motopress-accordion-obj#69fb1265b60e8\");\n                    if (mpAccordion.data(\"uiAccordion\")) {\n                        mpAccordion.accordion(\"destroy\");\n                    }\n                    mpAccordion.accordion({\n                        active: 0,\n                        collapsible: true,\n                        header: \"> div > h3\",\n                        heightStyle: \"content\"\n                    });\n                });\n                <\/script><\/p><\/div><\/p>\n<p><\/div><\/p>\n<p><\/div><\/p>\n<p><\/div><\/p>\n<p><\/div>\n<div  class=\"mp-row-fluid motopress-row\"><\/p>\n<p><div class=\"mp-span12 motopress-clmn motopress-space\" style=\"min-height: 40px;\"><\/p>\n<p><div class=\"motopress-space-obj\"><div><\/div><\/div><\/p>\n<p><\/div><\/p>\n<p><\/div>\n<div  class=\"mp-row-fluid motopress-row\"><\/p>\n<p><div class=\"mp-span12 motopress-clmn\"><\/p>\n<p><div class=\"motopress-text-obj\"><\/p>\n<p><span style=\"font-family: 'Times New Roman'; font-size: 18px;\"><span style=\"color: #000000;\">Tout cela sans pr\u00e9juger d&#8217;autres occasions de rencontres dans l&#8217;atmosph\u00e8re d\u00e9tendue et conviviale de rigueur quand on est entre &#8220;viniphiles&#8221; distingu\u00e9s &#8230;<\/span><\/span><\/p>\n<p><span style=\"font-family: 'Times New Roman'; font-size: 18px;\"><span style=\"color: #000000;\">Conditions d&#8217;adh\u00e9sion et de participation aux soir\u00e9es de formation et de d\u00e9gustation: voir en fin du programme de l&#8217;ann\u00e9e en cours.<\/span><\/span><\/p>\n<p><\/p>\n<p><\/div><\/p>\n<p><\/div><\/p>\n<p><\/div>\n<div  class=\"mp-row-fluid motopress-row\"><\/p>\n<p><div class=\"mp-span12 motopress-clmn motopress-space\" style=\"min-height: 70px;\"><\/p>\n<p><div class=\"motopress-space-obj\"><div><\/div><\/div><\/p>\n<p><\/div><\/p>\n<p><\/div>\n<div  class=\"mp-row-fluid motopress-row\"><\/p>\n<p><div class=\"mp-span3 motopress-clmn\"><\/p>\n<p><div  class=\"mp-row-fluid motopress-row\"><\/p>\n<p><div class=\"mp-span12 motopress-clmn\"><\/p>\n<p><div class=\"motopress-text-obj\"><\/p>\n<h4>Programme<\/h4>\n<p><\/div><\/p>\n<p><\/div><\/p>\n<p><\/div><\/p>\n<p><div  class=\"mp-row-fluid motopress-row\"><\/p>\n<p><div class=\"mp-span12 motopress-clmn\"><\/p>\n<p><div class=\"motopress-image-obj motopress-text-align-center\"><img decoding=\"async\" src=\"https:\/\/cave-athis.fr\/wp-content\/uploads\/2018\/01\/Depositphotos_6168388_original1.jpg\" title=\"Depositphotos_6168388_original1\" alt=\"Depositphotos_6168388_original1\" class=\"motopress-image-obj-basic\" \/><\/div><\/p>\n<p><\/div><\/p>\n<p><\/div><\/p>\n<p><div  class=\"mp-row-fluid motopress-row\"><\/p>\n<p><div class=\"mp-span12 motopress-clmn motopress-space\"><\/p>\n<p><div class=\"motopress-space-obj\"><div><\/div><\/div><\/p>\n<p><\/div><\/p>\n<p><\/div><\/p>\n<p><div  class=\"mp-row-fluid motopress-row\"><\/p>\n<p><div class=\"mp-span12 motopress-clmn\"><\/p>\n<p><div class=\"motopress-text-obj\"><\/p>\n<p>Pour consulter le calendrier pr\u00e9visionnel de cette ann\u00e9e ainsi que les \u00e9v\u00e9nements des ann\u00e9es pass\u00e9es.<\/p>\n<p><\/div><\/p>\n<p><\/div><\/p>\n<p><\/div><\/p>\n<p><div  class=\"mp-row-fluid motopress-row\"><\/p>\n<p><div class=\"mp-span12 motopress-clmn\"><\/p>\n<p><div class=\"motopress-button-obj motopress-text-align-left\"><a href=\"http:\/\/cave-athis.fr\/index.php\/programme\/\" class=\"motopress-btn motopress-btn-color-silver motopress-btn-size-middle motopress-btn-rounded\">Acc\u00e8s direct<\/a><\/div><\/p>\n<p><\/div><\/p>\n<p><\/div><\/p>\n<p><\/div><\/p>\n<p><div class=\"mp-span1 motopress-clmn motopress-space\"><\/p>\n<p><div class=\"motopress-space-obj\"><div><\/div><\/div><\/p>\n<p><\/div><\/p>\n<p><div class=\"mp-span4 motopress-clmn\"><\/p>\n<p><div  class=\"mp-row-fluid motopress-row\"><\/p>\n<p><div class=\"mp-span12 motopress-clmn\"><\/p>\n<p><div class=\"motopress-text-obj\"><\/p>\n<h4>D\u00e9gustations<\/h4>\n<p><\/div><\/p>\n<p><\/div><\/p>\n<p><\/div><\/p>\n<p><div  class=\"mp-row-fluid motopress-row\"><\/p>\n<p><div class=\"mp-span12 motopress-clmn\"><img fetchpriority=\"high\" decoding=\"async\" class=\"alignnone size-medium wp-image-197\" src=\"http:\/\/cave-athis.fr\/wp-content\/uploads\/2018\/01\/Depositphotos_4771639_original1-300x200.jpg\" alt=\"\" width=\"300\" height=\"200\" srcset=\"https:\/\/cave-athis.fr\/wp-content\/uploads\/2018\/01\/Depositphotos_4771639_original1-300x200.jpg 300w, https:\/\/cave-athis.fr\/wp-content\/uploads\/2018\/01\/Depositphotos_4771639_original1-768x512.jpg 768w, https:\/\/cave-athis.fr\/wp-content\/uploads\/2018\/01\/Depositphotos_4771639_original1-1024x683.jpg 1024w, https:\/\/cave-athis.fr\/wp-content\/uploads\/2018\/01\/Depositphotos_4771639_original1.jpg 1500w\" sizes=\"(max-width: 300px) 100vw, 300px\" \/><\/div><\/p>\n<p><\/div><\/p>\n<p><div  class=\"mp-row-fluid motopress-row\"><\/p>\n<p><div class=\"mp-span12 motopress-clmn motopress-space\" style=\"min-height: 40px;\"><\/p>\n<p><div class=\"motopress-space-obj\"><div><\/div><\/div><\/p>\n<p><\/div><\/p>\n<p><\/div><\/p>\n<p><div  class=\"mp-row-fluid motopress-row\"><\/p>\n<p><div class=\"mp-span12 motopress-clmn\"><\/p>\n<p><div class=\"motopress-text-obj\"><\/p>\n<p>Pour visualiser les photos des diff\u00e9rents alcools d\u00e9gust\u00e9s lors de nos rencontres viniphiles.<\/p>\n<p><\/div><\/p>\n<p><\/div><\/p>\n<p><\/div><\/p>\n<p><div  class=\"mp-row-fluid motopress-row\"><\/p>\n<p><div class=\"mp-span12 motopress-clmn\"><\/p>\n<p><div class=\"motopress-button-obj motopress-text-align-left\"><a href=\"http:\/\/cave-athis.fr\/index.php\/degustations\/\" class=\"motopress-btn motopress-btn-color-silver motopress-btn-size-middle motopress-btn-rounded\">Acc\u00e8s direct<\/a><\/div><\/p>\n<p><\/div><\/p>\n<p><\/div><\/p>\n<p><\/div><\/p>\n<p><div class=\"mp-span1 motopress-clmn motopress-space\"><\/p>\n<p><div class=\"motopress-space-obj\"><div><\/div><\/div><\/p>\n<p><\/div><\/p>\n<p><div class=\"mp-span3 motopress-clmn\"><\/p>\n<p><div  class=\"mp-row-fluid motopress-row\"><\/p>\n<p><div class=\"mp-span12 motopress-clmn\"><\/p>\n<p><div class=\"motopress-text-obj\"><\/p>\n<h4>A voir<\/h4>\n<p><\/div><\/p>\n<p><\/div><\/p>\n<p><\/div><\/p>\n<p><div  class=\"mp-row-fluid motopress-row\"><\/p>\n<p><div class=\"mp-span12 motopress-clmn\"><\/p>\n<p><div class=\"motopress-image-obj motopress-text-align-left\"><img decoding=\"async\" src=\"https:\/\/cave-athis.fr\/wp-content\/uploads\/2018\/01\/Depositphotos_1730726_original.jpg\" title=\"Wine barrels in cellar\" alt=\"Wine barrels in cellar. Wide angle view.\" class=\"motopress-image-obj-basic\" \/><\/div><\/p>\n<p><\/div><\/p>\n<p><\/div><\/p>\n<p><div  class=\"mp-row-fluid motopress-row\"><\/p>\n<p><div class=\"mp-span12 motopress-clmn motopress-space\"><\/p>\n<p><div class=\"motopress-space-obj\"><div><\/div><\/div><\/p>\n<p><\/div><\/p>\n<p><\/div><\/p>\n<p><div  class=\"mp-row-fluid motopress-row\"><\/p>\n<p><div class=\"mp-span12 motopress-clmn\"><\/p>\n<p><div class=\"motopress-text-obj\"><\/p>\n<p>Pour d\u00e9couvrir des vins et p\u00e9tillants en suivant les descriptifs webs de nos sp\u00e9cialistes de l&#8217;association.<\/p>\n<p><\/div><\/p>\n<p><\/div><\/p>\n<p><\/div><\/p>\n<p><div  class=\"mp-row-fluid motopress-row\"><\/p>\n<p><div class=\"mp-span12 motopress-clmn\"><\/p>\n<p><div class=\"motopress-button-obj motopress-text-align-left\"><a href=\"http:\/\/cave-athis.fr\/index.php\/a-voir\/\" class=\"motopress-btn motopress-btn-color-silver motopress-btn-size-middle motopress-btn-rounded\">Acc\u00e8s direct<\/a><\/div><\/p>\n<p><\/div><\/p>\n<p><\/div><\/p>\n<p><\/div><\/p>\n<p><\/div>\t\t\t\t\t\t<\/div>\n\t\t\t\t<\/div>\n\t\t\t\t\t<\/div>\n\t\t<\/div>\n\t\t\t\t\t<\/div>\n\t\t<\/section>\n\t\t\t\t<\/div>\n\t\t","protected":false},"excerpt":{"rendered":"","protected":false},"author":1,"featured_media":0,"parent":0,"menu_order":0,"comment_status":"closed","ping_status":"closed","template":"page-home.php","meta":{"footnotes":""},"_links":{"self":[{"href":"https:\/\/cave-athis.fr\/index.php\/wp-json\/wp\/v2\/pages\/97"}],"collection":[{"href":"https:\/\/cave-athis.fr\/index.php\/wp-json\/wp\/v2\/pages"}],"about":[{"href":"https:\/\/cave-athis.fr\/index.php\/wp-json\/wp\/v2\/types\/page"}],"author":[{"embeddable":true,"href":"https:\/\/cave-athis.fr\/index.php\/wp-json\/wp\/v2\/users\/1"}],"replies":[{"embeddable":true,"href":"https:\/\/cave-athis.fr\/index.php\/wp-json\/wp\/v2\/comments?post=97"}],"version-history":[{"count":38,"href":"https:\/\/cave-athis.fr\/index.php\/wp-json\/wp\/v2\/pages\/97\/revisions"}],"predecessor-version":[{"id":1156,"href":"https:\/\/cave-athis.fr\/index.php\/wp-json\/wp\/v2\/pages\/97\/revisions\/1156"}],"wp:attachment":[{"href":"https:\/\/cave-athis.fr\/index.php\/wp-json\/wp\/v2\/media?parent=97"}],"curies":[{"name":"wp","href":"https:\/\/api.w.org\/{rel}","templated":true}]}}